{"id":19,"date":"2013-12-08T07:06:02","date_gmt":"2013-12-08T07:06:02","guid":{"rendered":"http:\/\/localhost\/gionggiasuchanoi.com.vn\/?page_id=19"},"modified":"2016-05-09T06:39:59","modified_gmt":"2016-05-09T06:39:59","slug":"qua-trinh-hinh-thanh-va-phat-trien","status":"publish","type":"page","link":"https:\/\/gionggiasuchanoi.com.vn\/?page_id=19","title":{"rendered":"Qu\u00e1 tr\u00ecnh h\u00ecnh th\u00e0nh v\u00e0 ph\u00e1t tri\u1ec3n"},"content":{"rendered":"<ol>\n<li><span style=\"font-size: 12pt; font-family: 'times new roman', times, serif;\"><strong> T\u00ean C\u00f4ng ty<\/strong><\/span><\/li>\n<\/ol>\n<p><span style=\"font-size: 12pt; font-family: 'times new roman', times, serif;\">\u00a0\u00a0 * T\u00ean c\u00f4ng ty: C\u00d4NG TY C\u1ed4 PH\u1ea6N GI\u1ed0NG GIA S\u00daC H\u00c0 N\u1ed8I<\/span><\/p>\n<p><span style=\"font-size: 12pt; font-family: 'times new roman', times, serif;\">\u00a0\u00a0 * T\u00ean giao d\u1ecbch: HANOI LIVESTOCK BREEDING JOINT STOCK COMPANY<\/span><\/p>\n<p><span style=\"font-size: 12pt; font-family: 'times new roman', times, serif;\">\u00a0\u00a0 * T\u00ean vi\u1ebft t\u1eaft:\u00a0 HLBC\u00a0<\/span><\/p>\n<ol start=\"2\">\n<li><span style=\"font-size: 12pt; font-family: 'times new roman', times, serif;\"><strong> \u0110\u1ecba ch\u1ec9 C\u00f4ng ty<\/strong><\/span><\/li>\n<\/ol>\n<p><span style=\"font-size: 12pt; font-family: 'times new roman', times, serif;\">\u00a0\u00a0 * \u0110\u1ecba ch\u1ec9 tr\u1ee5 s\u1edf ch\u00ednh: T\u1ed5 15 &#8211; Ph\u01b0\u1eddng C\u1ea7u Di\u1ec5n &#8211; Qu\u1eadn Nam T\u1eeb Li\u00eam &#8211; Th\u00e0nh ph\u1ed1 H\u00e0 N\u1ed9i.<\/span><\/p>\n<p><span style=\"font-size: 12pt; font-family: 'times new roman', times, serif;\">\u00a0\u00a0 *\u0110\u1ecba ch\u1ec9 giao d\u1ecbch: T\u1ed5 15 \u2013 Ph\u01b0\u1eddng C\u1ea7u Di\u1ec5n &#8211; Qu\u1eadn Nam T\u1eeb Li\u00eam \u2013 TP H\u00e0 N\u1ed9i<\/span><\/p>\n<ol start=\"3\">\n<li><span style=\"font-size: 12pt; font-family: 'times new roman', times, serif;\"><strong> Lo\u1ea1i h\u00ecnh C\u00f4ng ty<\/strong><\/span><\/li>\n<\/ol>\n<p><span style=\"font-size: 12pt; font-family: 'times new roman', times, serif;\">\u00a0\u00a0 * Lo\u1ea1i h\u00ecnh c\u1ee7a c\u00f4ng ty: C\u00f4ng ty C\u1ed5 ph\u1ea7n<\/span><\/p>\n<ol start=\"4\">\n<li><span style=\"font-size: 12pt; font-family: 'times new roman', times, serif;\"><strong>L\u1ecbch s\u1eed h\u00ecnh th\u00e0nh v\u00e0 ph\u00e1t tri\u1ec3n c\u1ee7a C\u00f4ng ty<\/strong><\/span><\/li>\n<\/ol>\n<p><span style=\"font-size: 12pt; font-family: 'times new roman', times, serif;\">\u00a0\u00a0\u00a0\u00a0\u00a0 \u2013 C\u00f4ng ty C\u1ed5 ph\u1ea7n Gi\u1ed1ng gia s\u00fac H\u00e0 N\u1ed9i l\u00e0 doanh nghi\u1ec7p ho\u1ea1t \u0111\u1ed9ng s\u1ea3n xu\u1ea5t \u0111a ng\u00e0nh, \u00a0kinh doanh trong l\u0129nh v\u1ef1c n\u00f4ng nghi\u1ec7p l\u00e0 ch\u1ee7 y\u1ebfu.<\/span><\/p>\n<p><span style=\"font-size: 12pt; font-family: 'times new roman', times, serif;\">\u00a0\u00a0\u00a0\u00a0 \u2013 Ti\u1ec1n th\u00e2n c\u1ee7a C\u00f4ng ty l\u00e0 Tr\u1ea1i l\u1ee3n gi\u1ed1ng C\u1ea7u Di\u1ec5n \u0111\u01b0\u1ee3c th\u00e0nh l\u1eadp n\u0103m 1959.<\/span><\/p>\n<p><span style=\"font-size: 12pt; font-family: 'times new roman', times, serif;\">\u00a0\u00a0\u00a0\u00a0 \u2013 N\u0103m 1971 s\u00e1p nh\u1eadp ba \u0111\u01a1n v\u1ecb: Tr\u1ea1i l\u1ee3n gi\u1ed1ng C\u1ea7u Di\u1ec5n, N\u00f4ng tr\u01b0\u1eddng ch\u0103n nu\u00f4i l\u1ee3n T\u00e2y M\u1ed7, Tr\u1ea1m th\u1ee5 tinh nh\u00e2n t\u1ea1o th\u00e0nh C\u00f4ng ty L\u1ee3n Gi\u1ed1ng H\u00e0 N\u00f4i.<\/span><\/p>\n<p><span style=\"font-size: 12pt; font-family: 'times new roman', times, serif;\">\u00a0\u00a0\u00a0\u00a0 \u2013 N\u0103m 1973 \u0111\u1ed5i t\u00ean th\u00e0nh C\u00f4ng ty Gi\u1ed1ng gia s\u00fac H\u00e0 N\u1ed9i.<\/span><\/p>\n<p><span style=\"font-size: 12pt; font-family: 'times new roman', times, serif;\">\u00a0\u00a0\u00a0\u00a0 \u2013 Ng\u00e0y 15\/01\/1991 theo quy\u1ebft \u0111\u1ecbnh s\u1ed1 40\/Q\u0110-UB c\u1ee7a UBND Th\u00e0nh ph\u1ed1 H\u00e0 N\u1ed9i s\u00e1p nh\u1eadp C\u00f4ng ty Th\u1ee9c \u0103n gia s\u00fac H\u00e0 N\u1ed9i.<\/span><\/p>\n<p><span style=\"font-size: 12pt; font-family: 'times new roman', times, serif;\">\u00a0\u00a0\u00a0\u00a0 \u2013 C\u00f4ng ty \u0111\u01b0\u1ee3c th\u00e0nh l\u1eadp l\u1ea1i theo quy\u1ebft \u0111\u1ecbnh 319\/Q\u0110-UB ng\u00e0y 19\/01\/1993 c\u1ee7a UBND Th\u00e0nh ph\u1ed1 H\u00e0 N\u1ed9i. S\u1ed1 \u0111\u0103ng k\u00fd kinh doanh: 105944.<\/span><\/p>\n<p><span style=\"font-size: 12pt; font-family: 'times new roman', times, serif;\">\u00a0\u00a0\u00a0\u00a0 \u2013 Th\u00e1ng 4 n\u0103m 1993 ti\u1ebfp nh\u1eadn X\u00ed nghi\u1ec7p Ch\u1ebf bi\u1ebfn s\u1eefa T\u1eeb Li\u00eam.<\/span><\/p>\n<p><span style=\"font-size: 12pt; font-family: 'times new roman', times, serif;\">\u00a0\u00a0\u00a0\u00a0 \u2013 Ng\u00e0y 25\/3\/2004 theo quy\u1ebft \u0111\u1ecbnh s\u1ed1 1654\/Q\u0110-UB c\u1ee7a UBND Th\u00e0nh ph\u1ed1 H\u00e0 N\u1ed9i s\u00e1p nh\u1eadp Trung t\u00e2m s\u1eefa v\u00e0 gi\u1ed1ng b\u00f2 H\u00e0 N\u1ed9i v\u00e0o C\u00f4ng ty l\u1ea5y t\u00ean l\u00e0 C\u00f4ng ty Gi\u1ed1ng gia s\u00fac H\u00e0 N\u1ed9i.<\/span><\/p>\n<p><span style=\"font-size: 12pt; font-family: 'times new roman', times, serif;\">\u00a0\u00a0\u00a0\u00a0 \u2013 Ng\u00e0y 23\/6\/2006 chuy\u1ec3n \u0111\u1ed5i C\u00f4ng ty Gi\u1ed1ng gia s\u00fac H\u00e0 N\u1ed9i thu\u1ed9c S\u1edf N\u00f4ng nghi\u1ec7p v\u00e0 PTNT H\u00e0 N\u1ed9i th\u00e0nh C\u00f4ng ty TNHH Nh\u00e0 n\u01b0\u1edbc m\u1ed9t th\u00e0nh vi\u00ean Gi\u1ed1ng gia s\u00fac H\u00e0 N\u1ed9i.<\/span><\/p>\n<p><span style=\"font-size: 12pt; font-family: 'times new roman', times, serif;\">\u00a0\u00a0\u00a0\u00a0 \u2013 Ng\u00e0y 16\/6\/2011 chuy\u1ec3n \u0111\u1ed5i C\u00f4ng ty TNHH NN MTV Gi\u1ed1ng gia s\u00fac H\u00e0 N\u1ed9i thu\u1ed9c UBND Th\u00e0nh ph\u1ed1 H\u00e0 N\u1ed9i th\u00e0nh C\u00f4ng ty TNHH MTV Gi\u1ed1ng gia s\u00fac H\u00e0 N\u1ed9i.<\/span><\/p>\n<p><span style=\"font-size: 12pt; font-family: 'times new roman', times, serif;\">\u00a0\u00a0\u00a0\u00a0 \u2013 Ng\u00e0y 18\/02\/2016 chuy\u1ec3n \u0111\u1ed5i C\u00f4ng ty TNHH MTV Gi\u1ed1ng gia s\u00fac H\u00e0 N\u1ed9i thu\u1ed9c UBND Th\u00e0nh ph\u1ed1 H\u00e0 N\u1ed9i th\u00e0nh C\u00f4ng ty C\u1ed5 ph\u1ea7n Gi\u1ed1ng gia s\u00fac H\u00e0 N\u1ed9i.<\/span><\/p>\n","protected":false},"excerpt":{"rendered":"<p>T\u00ean C\u00f4ng ty \u00a0\u00a0 * T\u00ean c\u00f4ng ty: C\u00d4NG TY C\u1ed4 PH\u1ea6N GI\u1ed0NG GIA S\u00daC H\u00c0 N\u1ed8I \u00a0\u00a0 * T\u00ean giao d\u1ecbch: HANOI LIVESTOCK BREEDING JOINT STOCK COMPANY \u00a0\u00a0 * T\u00ean vi\u1ebft t\u1eaft:\u00a0 HLBC\u00a0 \u0110\u1ecba ch\u1ec9 C\u00f4ng ty \u00a0\u00a0 * \u0110\u1ecba ch\u1ec9 tr\u1ee5 s\u1edf ch\u00ednh: T\u1ed5 15 &#8211; Ph\u01b0\u1eddng C\u1ea7u Di\u1ec5n &#8211; Qu\u1eadn Nam T\u1eeb [&hellip;]<\/p>\n","protected":false},"author":2,"featured_media":0,"parent":2,"menu_order":0,"comment_status":"open","ping_status":"open","template":"","meta":[],"_links":{"self":[{"href":"https:\/\/gionggiasuchanoi.com.vn\/index.php?rest_route=\/wp\/v2\/pages\/19"}],"collection":[{"href":"https:\/\/gionggiasuchanoi.com.vn\/index.php?rest_route=\/wp\/v2\/pages"}],"about":[{"href":"https:\/\/gionggiasuchanoi.com.vn\/index.php?rest_route=\/wp\/v2\/types\/page"}],"author":[{"embeddable":true,"href":"https:\/\/gionggiasuchanoi.com.vn\/index.php?rest_route=\/wp\/v2\/users\/2"}],"replies":[{"embeddable":true,"href":"https:\/\/gionggiasuchanoi.com.vn\/index.php?rest_route=%2Fwp%2Fv2%2Fcomments&post=19"}],"version-history":[{"count":1,"href":"https:\/\/gionggiasuchanoi.com.vn\/index.php?rest_route=\/wp\/v2\/pages\/19\/revisions"}],"predecessor-version":[{"id":75,"href":"https:\/\/gionggiasuchanoi.com.vn\/index.php?rest_route=\/wp\/v2\/pages\/19\/revisions\/75"}],"up":[{"embeddable":true,"href":"https:\/\/gionggiasuchanoi.com.vn\/index.php?rest_route=\/wp\/v2\/pages\/2"}],"wp:attachment":[{"href":"https:\/\/gionggiasuchanoi.com.vn\/index.php?rest_route=%2Fwp%2Fv2%2Fmedia&parent=19"}],"curies":[{"name":"wp","href":"https:\/\/api.w.org\/{rel}","templated":true}]}}