{"id":2155,"date":"2024-09-09T09:34:46","date_gmt":"2024-09-09T09:34:46","guid":{"rendered":"https:\/\/gionggiasuchanoi.com.vn\/?post_type=product&#038;p=2155"},"modified":"2024-09-09T09:34:47","modified_gmt":"2024-09-09T09:34:47","slug":"tinh-bo-bbb-9250","status":"publish","type":"product","link":"https:\/\/gionggiasuchanoi.com.vn\/?product=tinh-bo-bbb-9250","title":{"rendered":"TINH B\u00d2 BBB 9250"},"content":{"rendered":"<h1>L\u00dd L\u1ecaCH B\u00d2 \u0110\u1ef0C GI\u1ed0NG<br \/>\n<img decoding=\"async\" loading=\"lazy\" class=\"aligncenter size-full wp-image-2117\" src=\"http:\/\/gionggiasuchanoi.com.vn\/wp-content\/uploads\/2024\/09\/10.-BBB-9250.png\" alt=\"\" width=\"2000\" height=\"1409\" srcset=\"https:\/\/gionggiasuchanoi.com.vn\/wp-content\/uploads\/2024\/09\/10.-BBB-9250.png 2000w, https:\/\/gionggiasuchanoi.com.vn\/wp-content\/uploads\/2024\/09\/10.-BBB-9250-300x211.png 300w, https:\/\/gionggiasuchanoi.com.vn\/wp-content\/uploads\/2024\/09\/10.-BBB-9250-600x423.png 600w, https:\/\/gionggiasuchanoi.com.vn\/wp-content\/uploads\/2024\/09\/10.-BBB-9250-768x541.png 768w, https:\/\/gionggiasuchanoi.com.vn\/wp-content\/uploads\/2024\/09\/10.-BBB-9250-1536x1082.png 1536w\" sizes=\"(max-width: 2000px) 100vw, 2000px\" \/><\/h1>\n","protected":false},"excerpt":{"rendered":"<p><span class=\"fontstyle0\"><span style=\"color: #ff0000\">S\u1ed0 HI\u1ec6U: BE 163869250<\/span><\/span><\/p>\n<ul>\n<li><span class=\"fontstyle0\"> M\u00c0U L\u00d4NG: \u0110EN TR\u1eaeNG<\/span><\/li>\n<li><span class=\"fontstyle0\">GI\u1ed0NG: BBB (BLANC \u2013 BLEU &#8211; BELGE)<br \/>\n<\/span><\/li>\n<li><span class=\"fontstyle0\">NG\u00c0Y SINH: 26\/12\/2018<br \/>\n<\/span><\/li>\n<li><span class=\"fontstyle0\">N\u01a0I SINH: B\u1ec8<\/span><\/li>\n<li><span class=\"fontstyle0\">KH\u1ed0I L\u01af\u1ee2NG: 1.300 KG<br \/>\n<\/span><\/li>\n<li><span class=\"fontstyle0\">B\u1ed0: BE 850647762 (SPORTIF DE SBERCHAMPS)<br \/>\n<\/span><\/li>\n<li><span class=\"fontstyle0\">M\u1eb8: BE 156137949 (7949 DU PONCEAU<\/span><\/li>\n<\/ul>\n","protected":false},"featured_media":2117,"comment_status":"open","ping_status":"closed","template":"","meta":[],"product_cat":[57,59],"product_tag":[],"_links":{"self":[{"href":"https:\/\/gionggiasuchanoi.com.vn\/index.php?rest_route=\/wp\/v2\/product\/2155"}],"collection":[{"href":"https:\/\/gionggiasuchanoi.com.vn\/index.php?rest_route=\/wp\/v2\/product"}],"about":[{"href":"https:\/\/gionggiasuchanoi.com.vn\/index.php?rest_route=\/wp\/v2\/types\/product"}],"replies":[{"embeddable":true,"href":"https:\/\/gionggiasuchanoi.com.vn\/index.php?rest_route=%2Fwp%2Fv2%2Fcomments&post=2155"}],"wp:featuredmedia":[{"embeddable":true,"href":"https:\/\/gionggiasuchanoi.com.vn\/index.php?rest_route=\/wp\/v2\/media\/2117"}],"wp:attachment":[{"href":"https:\/\/gionggiasuchanoi.com.vn\/index.php?rest_route=%2Fwp%2Fv2%2Fmedia&parent=2155"}],"wp:term":[{"taxonomy":"product_cat","embeddable":true,"href":"https:\/\/gionggiasuchanoi.com.vn\/index.php?rest_route=%2Fwp%2Fv2%2Fproduct_cat&post=2155"},{"taxonomy":"product_tag","embeddable":true,"href":"https:\/\/gionggiasuchanoi.com.vn\/index.php?rest_route=%2Fwp%2Fv2%2Fproduct_tag&post=2155"}],"curies":[{"name":"wp","href":"https:\/\/api.w.org\/{rel}","templated":true}]}}