{"id":2158,"date":"2024-09-11T08:35:37","date_gmt":"2024-09-11T08:35:37","guid":{"rendered":"https:\/\/gionggiasuchanoi.com.vn\/?post_type=product&#038;p=2158"},"modified":"2024-09-11T08:35:38","modified_gmt":"2024-09-11T08:35:38","slug":"tinh-bo-brm-27","status":"publish","type":"product","link":"https:\/\/gionggiasuchanoi.com.vn\/?product=tinh-bo-brm-27","title":{"rendered":"TINH B\u00d2 BRM 27"},"content":{"rendered":"<h1>L\u00dd L\u1ecaCH B\u00d2 \u0110\u1ef0C GI\u1ed0NG<\/h1>\n<p><img decoding=\"async\" loading=\"lazy\" class=\"aligncenter size-full wp-image-2120\" src=\"http:\/\/gionggiasuchanoi.com.vn\/wp-content\/uploads\/2024\/09\/13.-BRM-27.png\" alt=\"\" width=\"2000\" height=\"1409\" srcset=\"https:\/\/gionggiasuchanoi.com.vn\/wp-content\/uploads\/2024\/09\/13.-BRM-27.png 2000w, https:\/\/gionggiasuchanoi.com.vn\/wp-content\/uploads\/2024\/09\/13.-BRM-27-300x211.png 300w, https:\/\/gionggiasuchanoi.com.vn\/wp-content\/uploads\/2024\/09\/13.-BRM-27-600x423.png 600w, https:\/\/gionggiasuchanoi.com.vn\/wp-content\/uploads\/2024\/09\/13.-BRM-27-768x541.png 768w, https:\/\/gionggiasuchanoi.com.vn\/wp-content\/uploads\/2024\/09\/13.-BRM-27-1536x1082.png 1536w\" sizes=\"(max-width: 2000px) 100vw, 2000px\" \/><\/p>\n","protected":false},"excerpt":{"rendered":"<p><span class=\"fontstyle0\"><span style=\"color: #ff0000\">S\u1ed0 HI\u1ec6U: SAM1763M-27<\/span><\/span><\/p>\n<ul>\n<li><span class=\"fontstyle0\">M\u00c0U L\u00d4NG: \u0110\u1ece<br \/>\n<\/span><\/li>\n<li><span class=\"fontstyle0\">GI\u1ed0NG: BRAHMAN<br \/>\n<\/span><\/li>\n<li><span class=\"fontstyle0\">NG\u00c0Y SINH: 17\/11\/2018<\/span><\/li>\n<li>KH\u1ed0I L\u01af\u1ee2NG: 1.050 KG<\/li>\n<li>B\u1ed0: SAMARI PLAINS CUPID (P) SAM1375M(REG)<\/li>\n<li>M\u1eb8: SAMARI PLAINS 1250 (P) SAM1250F(REG)<\/li>\n<\/ul>\n","protected":false},"featured_media":2120,"comment_status":"open","ping_status":"closed","template":"","meta":[],"product_cat":[57,58],"product_tag":[],"_links":{"self":[{"href":"https:\/\/gionggiasuchanoi.com.vn\/index.php?rest_route=\/wp\/v2\/product\/2158"}],"collection":[{"href":"https:\/\/gionggiasuchanoi.com.vn\/index.php?rest_route=\/wp\/v2\/product"}],"about":[{"href":"https:\/\/gionggiasuchanoi.com.vn\/index.php?rest_route=\/wp\/v2\/types\/product"}],"replies":[{"embeddable":true,"href":"https:\/\/gionggiasuchanoi.com.vn\/index.php?rest_route=%2Fwp%2Fv2%2Fcomments&post=2158"}],"wp:featuredmedia":[{"embeddable":true,"href":"https:\/\/gionggiasuchanoi.com.vn\/index.php?rest_route=\/wp\/v2\/media\/2120"}],"wp:attachment":[{"href":"https:\/\/gionggiasuchanoi.com.vn\/index.php?rest_route=%2Fwp%2Fv2%2Fmedia&parent=2158"}],"wp:term":[{"taxonomy":"product_cat","embeddable":true,"href":"https:\/\/gionggiasuchanoi.com.vn\/index.php?rest_route=%2Fwp%2Fv2%2Fproduct_cat&post=2158"},{"taxonomy":"product_tag","embeddable":true,"href":"https:\/\/gionggiasuchanoi.com.vn\/index.php?rest_route=%2Fwp%2Fv2%2Fproduct_tag&post=2158"}],"curies":[{"name":"wp","href":"https:\/\/api.w.org\/{rel}","templated":true}]}}