{"id":2161,"date":"2024-09-11T08:43:46","date_gmt":"2024-09-11T08:43:46","guid":{"rendered":"https:\/\/gionggiasuchanoi.com.vn\/?post_type=product&#038;p=2161"},"modified":"2024-09-11T08:45:09","modified_gmt":"2024-09-11T08:45:09","slug":"tinh-bo-brm-64","status":"publish","type":"product","link":"https:\/\/gionggiasuchanoi.com.vn\/?product=tinh-bo-brm-64","title":{"rendered":"TINH B\u00d2 BRM 64"},"content":{"rendered":"<h1>L\u00dd L\u1ecaCH B\u00d2 \u0110\u1ef0C GI\u1ed0NG<br \/>\n<img decoding=\"async\" loading=\"lazy\" class=\"aligncenter size-full wp-image-2123\" src=\"http:\/\/gionggiasuchanoi.com.vn\/wp-content\/uploads\/2024\/09\/16.-BRM-64.png\" alt=\"\" width=\"2000\" height=\"1409\" srcset=\"https:\/\/gionggiasuchanoi.com.vn\/wp-content\/uploads\/2024\/09\/16.-BRM-64.png 2000w, https:\/\/gionggiasuchanoi.com.vn\/wp-content\/uploads\/2024\/09\/16.-BRM-64-300x211.png 300w, https:\/\/gionggiasuchanoi.com.vn\/wp-content\/uploads\/2024\/09\/16.-BRM-64-600x423.png 600w, https:\/\/gionggiasuchanoi.com.vn\/wp-content\/uploads\/2024\/09\/16.-BRM-64-768x541.png 768w, https:\/\/gionggiasuchanoi.com.vn\/wp-content\/uploads\/2024\/09\/16.-BRM-64-1536x1082.png 1536w\" sizes=\"(max-width: 2000px) 100vw, 2000px\" \/><\/h1>\n","protected":false},"excerpt":{"rendered":"<h2><span class=\"fontstyle0\" style=\"color: #ff0000\"> S\u1ed0 HI\u1ec6U: SAM1825M-64<\/span><\/h2>\n<ul>\n<li><span class=\"fontstyle0\">M\u00c0U L\u00d4NG: \u0110\u1ece<br \/>\n<\/span><\/li>\n<li><span class=\"fontstyle0\">GI\u1ed0NG: BRAHMAN<br \/>\n<\/span><\/li>\n<li><span class=\"fontstyle0\">NG\u00c0Y SINH: 19\/02\/2018<\/span><\/li>\n<li><span class=\"fontstyle0\">KH\u1ed0I L\u01af\u1ee2NG: 1.100 KG<br \/>\n<\/span><\/li>\n<li><span class=\"fontstyle0\">B\u1ed0: SAMARI PLAINS PHEDELIAH (P) SAM01114F(REG)<br \/>\n<\/span><\/li>\n<li><span class=\"fontstyle0\">M\u1eb8: GARTHOWEN CHARLIE (H) RAK0183M(REG)<\/span><\/li>\n<\/ul>\n","protected":false},"featured_media":2123,"comment_status":"open","ping_status":"closed","template":"","meta":[],"product_cat":[57,58],"product_tag":[],"_links":{"self":[{"href":"https:\/\/gionggiasuchanoi.com.vn\/index.php?rest_route=\/wp\/v2\/product\/2161"}],"collection":[{"href":"https:\/\/gionggiasuchanoi.com.vn\/index.php?rest_route=\/wp\/v2\/product"}],"about":[{"href":"https:\/\/gionggiasuchanoi.com.vn\/index.php?rest_route=\/wp\/v2\/types\/product"}],"replies":[{"embeddable":true,"href":"https:\/\/gionggiasuchanoi.com.vn\/index.php?rest_route=%2Fwp%2Fv2%2Fcomments&post=2161"}],"wp:featuredmedia":[{"embeddable":true,"href":"https:\/\/gionggiasuchanoi.com.vn\/index.php?rest_route=\/wp\/v2\/media\/2123"}],"wp:attachment":[{"href":"https:\/\/gionggiasuchanoi.com.vn\/index.php?rest_route=%2Fwp%2Fv2%2Fmedia&parent=2161"}],"wp:term":[{"taxonomy":"product_cat","embeddable":true,"href":"https:\/\/gionggiasuchanoi.com.vn\/index.php?rest_route=%2Fwp%2Fv2%2Fproduct_cat&post=2161"},{"taxonomy":"product_tag","embeddable":true,"href":"https:\/\/gionggiasuchanoi.com.vn\/index.php?rest_route=%2Fwp%2Fv2%2Fproduct_tag&post=2161"}],"curies":[{"name":"wp","href":"https:\/\/api.w.org\/{rel}","templated":true}]}}