{"id":2170,"date":"2024-09-11T09:44:03","date_gmt":"2024-09-11T09:44:03","guid":{"rendered":"https:\/\/gionggiasuchanoi.com.vn\/?post_type=product&#038;p=2170"},"modified":"2024-09-12T02:30:31","modified_gmt":"2024-09-12T02:30:31","slug":"tinh-bo-black-angus-99","status":"publish","type":"product","link":"https:\/\/gionggiasuchanoi.com.vn\/?product=tinh-bo-black-angus-99","title":{"rendered":"TINH B\u00d2 BLACK ANGUS 99"},"content":{"rendered":"<h1>L\u00dd L\u1ecaCH B\u00d2 \u0110\u1ef0C GI\u1ed0NG<img decoding=\"async\" loading=\"lazy\" class=\"aligncenter size-full wp-image-2132\" src=\"http:\/\/gionggiasuchanoi.com.vn\/wp-content\/uploads\/2024\/09\/25.-BLACK-ANGUS-99.png\" alt=\"\" width=\"2000\" height=\"1409\" srcset=\"https:\/\/gionggiasuchanoi.com.vn\/wp-content\/uploads\/2024\/09\/25.-BLACK-ANGUS-99.png 2000w, https:\/\/gionggiasuchanoi.com.vn\/wp-content\/uploads\/2024\/09\/25.-BLACK-ANGUS-99-300x211.png 300w, https:\/\/gionggiasuchanoi.com.vn\/wp-content\/uploads\/2024\/09\/25.-BLACK-ANGUS-99-600x423.png 600w, https:\/\/gionggiasuchanoi.com.vn\/wp-content\/uploads\/2024\/09\/25.-BLACK-ANGUS-99-768x541.png 768w, https:\/\/gionggiasuchanoi.com.vn\/wp-content\/uploads\/2024\/09\/25.-BLACK-ANGUS-99-1536x1082.png 1536w\" sizes=\"(max-width: 2000px) 100vw, 2000px\" \/><\/h1>\n","protected":false},"excerpt":{"rendered":"<h2><span class=\"fontstyle0\" style=\"color: #ff0000\">S\u1ed0 HI\u1ec6U: NPGP99<\/span><\/h2>\n<ul>\n<li><span class=\"fontstyle0\">M\u00c0U L\u00d4NG: \u0110EN<br \/>\n<\/span><\/li>\n<li><span class=\"fontstyle0\">GI\u1ed0NG: ANGUS<br \/>\n<\/span><\/li>\n<li><span class=\"fontstyle0\">NG\u00c0Y SINH: 04\/08\/2018<\/span> <span class=\"fontstyle0\">KH\u1ed0I L\u01af\u1ee2NG: 960 KG<br \/>\n<\/span><\/li>\n<li><span class=\"fontstyle0\">B\u1ed0: TALOOBY LOCHINVAR L86 NPGL86sv<br \/>\n<\/span><\/li>\n<li><span class=\"fontstyle0\">M\u1eb8: TALOOBY PRIDE E53 NPGE53<\/span><\/li>\n<\/ul>\n","protected":false},"featured_media":2132,"comment_status":"open","ping_status":"closed","template":"","meta":[],"product_cat":[57],"product_tag":[],"_links":{"self":[{"href":"https:\/\/gionggiasuchanoi.com.vn\/index.php?rest_route=\/wp\/v2\/product\/2170"}],"collection":[{"href":"https:\/\/gionggiasuchanoi.com.vn\/index.php?rest_route=\/wp\/v2\/product"}],"about":[{"href":"https:\/\/gionggiasuchanoi.com.vn\/index.php?rest_route=\/wp\/v2\/types\/product"}],"replies":[{"embeddable":true,"href":"https:\/\/gionggiasuchanoi.com.vn\/index.php?rest_route=%2Fwp%2Fv2%2Fcomments&post=2170"}],"wp:featuredmedia":[{"embeddable":true,"href":"https:\/\/gionggiasuchanoi.com.vn\/index.php?rest_route=\/wp\/v2\/media\/2132"}],"wp:attachment":[{"href":"https:\/\/gionggiasuchanoi.com.vn\/index.php?rest_route=%2Fwp%2Fv2%2Fmedia&parent=2170"}],"wp:term":[{"taxonomy":"product_cat","embeddable":true,"href":"https:\/\/gionggiasuchanoi.com.vn\/index.php?rest_route=%2Fwp%2Fv2%2Fproduct_cat&post=2170"},{"taxonomy":"product_tag","embeddable":true,"href":"https:\/\/gionggiasuchanoi.com.vn\/index.php?rest_route=%2Fwp%2Fv2%2Fproduct_tag&post=2170"}],"curies":[{"name":"wp","href":"https:\/\/api.w.org\/{rel}","templated":true}]}}