{"id":2185,"date":"2024-09-12T09:37:41","date_gmt":"2024-09-12T09:37:41","guid":{"rendered":"https:\/\/gionggiasuchanoi.com.vn\/?post_type=product&#038;p=2185"},"modified":"2024-09-12T09:37:42","modified_gmt":"2024-09-12T09:37:42","slug":"tinh-bo-snp-018","status":"publish","type":"product","link":"https:\/\/gionggiasuchanoi.com.vn\/?product=tinh-bo-snp-018","title":{"rendered":"TINH B\u00d2 SNP 018"},"content":{"rendered":"<h1>L\u00dd L\u1ecaCH B\u00d2 \u0110\u1ef0C GI\u1ed0NG<\/h1>\n<p><img decoding=\"async\" loading=\"lazy\" class=\"aligncenter size-full wp-image-2145\" src=\"http:\/\/gionggiasuchanoi.com.vn\/wp-content\/uploads\/2024\/09\/38.-SNP-018.png\" alt=\"\" width=\"2000\" height=\"1409\" srcset=\"https:\/\/gionggiasuchanoi.com.vn\/wp-content\/uploads\/2024\/09\/38.-SNP-018.png 2000w, https:\/\/gionggiasuchanoi.com.vn\/wp-content\/uploads\/2024\/09\/38.-SNP-018-300x211.png 300w, https:\/\/gionggiasuchanoi.com.vn\/wp-content\/uploads\/2024\/09\/38.-SNP-018-600x423.png 600w, https:\/\/gionggiasuchanoi.com.vn\/wp-content\/uploads\/2024\/09\/38.-SNP-018-768x541.png 768w, https:\/\/gionggiasuchanoi.com.vn\/wp-content\/uploads\/2024\/09\/38.-SNP-018-1536x1082.png 1536w\" sizes=\"(max-width: 2000px) 100vw, 2000px\" \/><\/p>\n<p>&nbsp;<\/p>\n","protected":false},"excerpt":{"rendered":"<h2><span class=\"fontstyle0\"><span style=\"color: #ff0000\">S\u1ed0 HI\u1ec6U: SNP &#8211; 018<\/span>\u00a0<\/span><\/h2>\n<ul>\n<li><span class=\"fontstyle0\">M\u00c0U L\u00d4NG: HUNG \u0110\u1ece<br \/>\n<\/span><\/li>\n<li><span class=\"fontstyle0\">GI\u1ed0NG: SENEPOL<br \/>\n<\/span><\/li>\n<li><span class=\"fontstyle0\">NG\u00c0Y SINH: 07\/12\/2019<\/span><\/li>\n<li><span class=\"fontstyle0\">KH\u1ed0I L\u01af\u1ee2NG: 950 KG<br \/>\n<\/span><\/li>\n<li><span class=\"fontstyle0\">B\u1ed0: 2020<\/span><\/li>\n<li><span class=\"fontstyle0\">M\u1eb8: 745<\/span><\/li>\n<\/ul>\n","protected":false},"featured_media":2145,"comment_status":"open","ping_status":"closed","template":"","meta":[],"product_cat":[57,60],"product_tag":[],"_links":{"self":[{"href":"https:\/\/gionggiasuchanoi.com.vn\/index.php?rest_route=\/wp\/v2\/product\/2185"}],"collection":[{"href":"https:\/\/gionggiasuchanoi.com.vn\/index.php?rest_route=\/wp\/v2\/product"}],"about":[{"href":"https:\/\/gionggiasuchanoi.com.vn\/index.php?rest_route=\/wp\/v2\/types\/product"}],"replies":[{"embeddable":true,"href":"https:\/\/gionggiasuchanoi.com.vn\/index.php?rest_route=%2Fwp%2Fv2%2Fcomments&post=2185"}],"wp:featuredmedia":[{"embeddable":true,"href":"https:\/\/gionggiasuchanoi.com.vn\/index.php?rest_route=\/wp\/v2\/media\/2145"}],"wp:attachment":[{"href":"https:\/\/gionggiasuchanoi.com.vn\/index.php?rest_route=%2Fwp%2Fv2%2Fmedia&parent=2185"}],"wp:term":[{"taxonomy":"product_cat","embeddable":true,"href":"https:\/\/gionggiasuchanoi.com.vn\/index.php?rest_route=%2Fwp%2Fv2%2Fproduct_cat&post=2185"},{"taxonomy":"product_tag","embeddable":true,"href":"https:\/\/gionggiasuchanoi.com.vn\/index.php?rest_route=%2Fwp%2Fv2%2Fproduct_tag&post=2185"}],"curies":[{"name":"wp","href":"https:\/\/api.w.org\/{rel}","templated":true}]}}