{"id":2194,"date":"2024-09-13T03:27:29","date_gmt":"2024-09-13T03:27:29","guid":{"rendered":"https:\/\/gionggiasuchanoi.com.vn\/?post_type=product&#038;p=2194"},"modified":"2024-09-13T03:28:02","modified_gmt":"2024-09-13T03:28:02","slug":"sua-bo-tuoi-nguyen-chat","status":"publish","type":"product","link":"https:\/\/gionggiasuchanoi.com.vn\/?product=sua-bo-tuoi-nguyen-chat","title":{"rendered":"S\u1eeeA B\u00d2 T\u01af\u01a0I NGUY\u00caN CH\u1ea4T"},"content":{"rendered":"<p><img decoding=\"async\" loading=\"lazy\" class=\"aligncenter size-full wp-image-2195\" src=\"http:\/\/gionggiasuchanoi.com.vn\/wp-content\/uploads\/2024\/09\/z5825728414358_62dfd3712e48ecbadea641329a3f8286.jpg\" alt=\"\" width=\"592\" height=\"1280\" srcset=\"https:\/\/gionggiasuchanoi.com.vn\/wp-content\/uploads\/2024\/09\/z5825728414358_62dfd3712e48ecbadea641329a3f8286.jpg 592w, https:\/\/gionggiasuchanoi.com.vn\/wp-content\/uploads\/2024\/09\/z5825728414358_62dfd3712e48ecbadea641329a3f8286-139x300.jpg 139w, https:\/\/gionggiasuchanoi.com.vn\/wp-content\/uploads\/2024\/09\/z5825728414358_62dfd3712e48ecbadea641329a3f8286-278x600.jpg 278w, https:\/\/gionggiasuchanoi.com.vn\/wp-content\/uploads\/2024\/09\/z5825728414358_62dfd3712e48ecbadea641329a3f8286-300x649.jpg 300w\" sizes=\"(max-width: 592px) 100vw, 592px\" \/><\/p>\n","protected":false},"excerpt":{"rendered":"<p>S\u1eefa b\u00f2 t\u01b0\u01a1i nguy\u00ean ch\u1ea5t v\u1eaft trong ng\u00e0y t\u1eeb \u0111\u00e0n B\u00f2 s\u1eefa t\u1ea1i trang tr\u1ea1i B\u00f2 s\u1eefa ch\u1ea5t l\u01b0\u1ee3ng cao Ph\u00f9 \u0110\u1ed5ng &#8211; Gia L\u00e2m &#8211; H\u00e0 N\u1ed9i. S\u1eefa b\u00f2 t\u01b0\u01a1i nguy\u00ean kem ch\u01b0a t\u00e1ch b\u01a1 gi\u1eef nguy\u00ean h\u00e0m l\u01b0\u1ee3ng vitamin, t\u0103ng c\u01b0\u1eddng s\u1ee9c \u0111\u1ec1 kh\u00e1ng, dinh d\u01b0\u1ee1ng cao v\u00e0 kh\u00f4ng c\u00f3 ch\u1ea5t b\u1ea3o qu\u1ea3n.<\/p>\n<p>B\u1ea3o qu\u1ea3n \u1edf nhi\u1ec7t \u0111\u1ed9 t\u1eeb 2 &#8211; 5 \u0111\u1ed9 C<\/p>\n<p>L\u1eafc \u0111\u1ec1u tr\u01b0\u1edbc khi u\u1ed1ng<\/p>\n<p>H\u1ea1n s\u1eed d\u1ee5ng: 5 ng\u00e0y k\u1ec3 t\u1eeb ng\u00e0y s\u1ea3n xu\u1ea5t<\/p>\n<p>Ti\u00eau chu\u1ea9n c\u00f4ng b\u1ed1:<\/p>\n<p>\u0110\u1ed9 b\u00e9o t\u1eeb 3,5%<\/p>\n<p>\u0110\u1ed9 kh\u00f4 t\u1eeb 11,5%<\/p>\n<p>N\u0103ng l\u01b0\u1ee3ng t\u1eeb 68kcal<\/p>\n<p>\u0110\u1ed9 axit trong ng\u01b0\u1ee1ng t\u1eeb 0,12 \u0111\u1ebfn 0,18%<\/p>\n<p>T\u1ef7 tr\u1ecdng: 1.025g\/ml<\/p>\n","protected":false},"featured_media":2195,"comment_status":"open","ping_status":"closed","template":"","meta":[],"product_cat":[45,46],"product_tag":[],"_links":{"self":[{"href":"https:\/\/gionggiasuchanoi.com.vn\/index.php?rest_route=\/wp\/v2\/product\/2194"}],"collection":[{"href":"https:\/\/gionggiasuchanoi.com.vn\/index.php?rest_route=\/wp\/v2\/product"}],"about":[{"href":"https:\/\/gionggiasuchanoi.com.vn\/index.php?rest_route=\/wp\/v2\/types\/product"}],"replies":[{"embeddable":true,"href":"https:\/\/gionggiasuchanoi.com.vn\/index.php?rest_route=%2Fwp%2Fv2%2Fcomments&post=2194"}],"wp:featuredmedia":[{"embeddable":true,"href":"https:\/\/gionggiasuchanoi.com.vn\/index.php?rest_route=\/wp\/v2\/media\/2195"}],"wp:attachment":[{"href":"https:\/\/gionggiasuchanoi.com.vn\/index.php?rest_route=%2Fwp%2Fv2%2Fmedia&parent=2194"}],"wp:term":[{"taxonomy":"product_cat","embeddable":true,"href":"https:\/\/gionggiasuchanoi.com.vn\/index.php?rest_route=%2Fwp%2Fv2%2Fproduct_cat&post=2194"},{"taxonomy":"product_tag","embeddable":true,"href":"https:\/\/gionggiasuchanoi.com.vn\/index.php?rest_route=%2Fwp%2Fv2%2Fproduct_tag&post=2194"}],"curies":[{"name":"wp","href":"https:\/\/api.w.org\/{rel}","templated":true}]}}